{"id":987538532,"date":"2026-01-13T10:29:16","date_gmt":"2026-01-13T09:29:16","guid":{"rendered":"https:\/\/nurturingbubble.com\/?page_id=987538532"},"modified":"2026-01-26T14:47:13","modified_gmt":"2026-01-26T13:47:13","slug":"calendly_en","status":"publish","type":"page","link":"https:\/\/nurturingbubble.com\/en_gb\/calendly_en\/","title":{"rendered":"Calendly EN"},"content":{"rendered":"<p>[et_pb_section fb_built=&#8221;1&#8243; custom_padding_last_edited=&#8221;on|phone&#8221; module_class=&#8221;sec_lang_en&#8221; _builder_version=&#8221;4.27.5&#8243; _module_preset=&#8221;default&#8221; background_color=&#8221;#B3B4B0&#8243; background_enable_mask_style=&#8221;on&#8221; background_mask_style=&#8221;chevrons&#8221; background_mask_color=&#8221;#83CD48&#8243; background_mask_transform=&#8221;invert&#8221; background_mask_size=&#8221;contain&#8221; background_mask_position=&#8221;center_left&#8221; background_mask_horizontal_offset=&#8221;100%&#8221; background_mask_blend_mode=&#8221;screen&#8221; custom_margin=&#8221;||||true|false&#8221; custom_padding=&#8221;0px||0px||true|false&#8221; custom_padding_tablet=&#8221;0px||0px||true|false&#8221; custom_padding_phone=&#8221;0px||0px||true|false&#8221; background_last_edited=&#8221;on|tablet&#8221; background_enable_mask_style_tablet=&#8221;off&#8221; background_enable_mask_style_phone=&#8221;off&#8221; global_colors_info=&#8221;{}&#8221;][et_pb_row column_structure=&#8221;3_4,1_4&#8243; use_custom_gutter=&#8221;on&#8221; gutter_width=&#8221;1&#8243; _builder_version=&#8221;4.27.5&#8243; _module_preset=&#8221;default&#8221; global_colors_info=&#8221;{}&#8221; custom_css_main_element_last_edited=&#8221;on|phone&#8221; custom_css_main_element_phone=&#8221;display: flex;||flex-wrap: wrap;&#8221;][et_pb_column type=&#8221;3_4&#8243; _builder_version=&#8221;4.27.5&#8243; _module_preset=&#8221;default&#8221; custom_padding=&#8221;|0px||0px|false|true&#8221; global_colors_info=&#8221;{}&#8221;][et_pb_blurb title=&#8221;What can you get out of your discovery call?&#8221; content_max_width=&#8221;80%&#8221; content_max_width_tablet=&#8221;80%&#8221; content_max_width_phone=&#8221;80%&#8221; content_max_width_last_edited=&#8221;on|desktop&#8221; _builder_version=&#8221;4.27.5&#8243; _module_preset=&#8221;default&#8221; header_text_align=&#8221;right&#8221; body_text_align=&#8221;right&#8221; custom_padding=&#8221;|0px||0px|false|true&#8221; header_text_align_tablet=&#8221;center&#8221; header_text_align_phone=&#8221;center&#8221; header_text_align_last_edited=&#8221;on|phone&#8221; body_text_align_tablet=&#8221;center&#8221; body_text_align_phone=&#8221;center&#8221; body_text_align_last_edited=&#8221;on|tablet&#8221; text_orientation_tablet=&#8221;&#8221; text_orientation_phone=&#8221;center&#8221; text_orientation_last_edited=&#8221;on|tablet&#8221; global_colors_info=&#8221;{}&#8221;]<\/p>\n<p>A discovery call gives us the chance to find out if we are a good match.<\/p>\n<p>The call\u00a0 gives you the opportunity to get information about how the sessions are structured and ask questions regarding our time together.<\/p>\n<p>You can also tell me what brought you to coaching and what you would like to get out of it.<\/p>\n<p>Let&#8217;s find out if I am the right person for you.<\/p>\n<p>[\/et_pb_blurb][\/et_pb_column][et_pb_column type=&#8221;1_4&#8243; _builder_version=&#8221;4.27.5&#8243; _module_preset=&#8221;default&#8221; global_colors_info=&#8221;{}&#8221;][et_pb_image src=&#8221;https:\/\/nurturingbubble.com\/wp-content\/uploads\/2025\/10\/Me-on-Zoom.jpg&#8221; title_text=&#8221;Me on Zoom&#8221; src_tablet=&#8221;https:\/\/nurturingbubble.com\/wp-content\/uploads\/2025\/10\/Me-on-Zoom.jpg&#8221; src_phone=&#8221;https:\/\/nurturingbubble.com\/wp-content\/uploads\/2025\/10\/Me-on-Zoom.jpg&#8221; src_last_edited=&#8221;on|tablet&#8221; _builder_version=&#8221;4.27.5&#8243; _module_preset=&#8221;default&#8221; transform_scale_tablet=&#8221;60%|60%&#8221; transform_scale_phone=&#8221;100%|100%&#8221; transform_scale_last_edited=&#8221;on|tablet&#8221; transform_translate_tablet=&#8221;&#8221; transform_translate_phone=&#8221;&#8221; transform_translate_last_edited=&#8221;on|tablet&#8221; transform_rotate_tablet=&#8221;&#8221; transform_rotate_phone=&#8221;&#8221; transform_rotate_last_edited=&#8221;on|tablet&#8221; transform_skew_tablet=&#8221;&#8221; transform_skew_phone=&#8221;&#8221; transform_skew_last_edited=&#8221;on|tablet&#8221; transform_origin_tablet=&#8221;&#8221; transform_origin_phone=&#8221;&#8221; transform_origin_last_edited=&#8221;on|tablet&#8221; transform_styles_last_edited=&#8221;on|tablet&#8221; custom_margin_tablet=&#8221;0px||0px||true|false&#8221; custom_margin_phone=&#8221;0px||0px||true|false&#8221; custom_margin_last_edited=&#8221;on|tablet&#8221; custom_padding_tablet=&#8221;0px||0px||true|false&#8221; custom_padding_phone=&#8221;0px||0px||true|false&#8221; custom_padding_last_edited=&#8221;on|tablet&#8221; transform_styles_tablet=&#8221;&#8221; transform_styles_phone=&#8221;&#8221; border_radii=&#8221;on|10px|10px|10px|10px&#8221; global_colors_info=&#8221;{}&#8221;][\/et_pb_image][\/et_pb_column][\/et_pb_row][\/et_pb_section][et_pb_section fb_built=&#8221;1&#8243; module_class=&#8221;sec_lang_en&#8221; _builder_version=&#8221;4.27.5&#8243; _module_preset=&#8221;default&#8221; custom_padding=&#8221;0px||0px||true|false&#8221; hover_enabled=&#8221;0&#8243; global_colors_info=&#8221;{}&#8221; height_last_edited=&#8221;on|phone&#8221; max_height_last_edited=&#8221;on|phone&#8221; custom_padding_last_edited=&#8221;on|tablet&#8221; custom_padding_phone=&#8221;||20px||false|false&#8221; sticky_enabled=&#8221;0&#8243; custom_padding_tablet=&#8221;||20px||false|false&#8221;][et_pb_row _builder_version=&#8221;4.27.4&#8243; _module_preset=&#8221;default&#8221; global_colors_info=&#8221;{}&#8221;][et_pb_column type=&#8221;4_4&#8243; _builder_version=&#8221;4.27.4&#8243; _module_preset=&#8221;default&#8221; global_colors_info=&#8221;{}&#8221;][et_pb_code _builder_version=&#8221;4.27.4&#8243; _module_preset=&#8221;default&#8221; global_colors_info=&#8221;{}&#8221;]<!-- Calendly inline widget begin --><!-- [et_pb_line_break_holder] --><\/p>\n<div class=\"calendly-inline-widget\" data-url=\"https:\/\/calendly.com\/nurturingbubble\/30min_dc\" style=\"min-width:320px;height:700px;\"><\/div>\n<p><!-- [et_pb_line_break_holder] --><script type=\"text\/javascript\" src=\"https:\/\/assets.calendly.com\/assets\/external\/widget.js\" async><\/script><!-- [et_pb_line_break_holder] --><!-- Calendly inline widget end -->[\/et_pb_code][\/et_pb_column][\/et_pb_row][\/et_pb_section][et_pb_section fb_built=&#8221;1&#8243; custom_padding_last_edited=&#8221;on|phone&#8221; module_class=&#8221;sec_lang_de&#8221; _builder_version=&#8221;4.27.5&#8243; _module_preset=&#8221;default&#8221; background_color=&#8221;#B3B4B0&#8243; background_enable_mask_style=&#8221;on&#8221; background_mask_style=&#8221;chevrons&#8221; background_mask_color=&#8221;#83CD48&#8243; background_mask_transform=&#8221;invert&#8221; background_mask_size=&#8221;contain&#8221; background_mask_position=&#8221;center_left&#8221; background_mask_horizontal_offset=&#8221;100%&#8221; background_mask_blend_mode=&#8221;screen&#8221; custom_margin=&#8221;||||true|false&#8221; custom_padding=&#8221;0px||0px||true|false&#8221; custom_padding_tablet=&#8221;0px||0px||true|false&#8221; custom_padding_phone=&#8221;0px||0px||true|false&#8221; background_last_edited=&#8221;on|tablet&#8221; background_enable_mask_style_tablet=&#8221;off&#8221; background_enable_mask_style_phone=&#8221;off&#8221; global_colors_info=&#8221;{}&#8221;][et_pb_row column_structure=&#8221;3_4,1_4&#8243; use_custom_gutter=&#8221;on&#8221; gutter_width=&#8221;1&#8243; _builder_version=&#8221;4.27.5&#8243; _module_preset=&#8221;default&#8221; global_colors_info=&#8221;{}&#8221; custom_css_main_element_last_edited=&#8221;on|phone&#8221; custom_css_main_element_phone=&#8221;display: flex;||flex-wrap: wrap;&#8221;][et_pb_column type=&#8221;3_4&#8243; _builder_version=&#8221;4.27.5&#8243; _module_preset=&#8221;default&#8221; custom_padding=&#8221;|0px||0px|false|true&#8221; global_colors_info=&#8221;{}&#8221;][et_pb_blurb title=&#8221;Wof\u00fcr dient dein Kennenlerngespr\u00e4ch?&#8221; content_max_width=&#8221;80%&#8221; content_max_width_tablet=&#8221;&#8221; content_max_width_phone=&#8221;&#8221; content_max_width_last_edited=&#8221;on|desktop&#8221; _builder_version=&#8221;4.27.5&#8243; _module_preset=&#8221;default&#8221; header_text_align=&#8221;right&#8221; body_text_align=&#8221;right&#8221; custom_padding=&#8221;|0px||0px|false|true&#8221; header_text_align_tablet=&#8221;center&#8221; header_text_align_phone=&#8221;center&#8221; header_text_align_last_edited=&#8221;on|phone&#8221; body_text_align_tablet=&#8221;center&#8221; body_text_align_phone=&#8221;center&#8221; body_text_align_last_edited=&#8221;on|tablet&#8221; text_orientation_tablet=&#8221;&#8221; text_orientation_phone=&#8221;center&#8221; text_orientation_last_edited=&#8221;on|tablet&#8221; global_colors_info=&#8221;{}&#8221;]<\/p>\n<p data-start=\"56\" data-end=\"149\">Ein Kennenlerngespr\u00e4ch gibt uns die M\u00f6glichkeit herauszufinden, ob wir gut zueinander passen.<\/p>\n<p data-start=\"151\" data-end=\"291\">Das Gespr\u00e4ch bietet dir die Gelegenheit, mehr \u00fcber den Ablauf der Sitzungen zu erfahren und Fragen zu unserer gemeinsamen Arbeit zu stellen.<\/p>\n<p data-start=\"293\" data-end=\"390\">Au\u00dferdem kannst du mir erz\u00e4hlen, was dich zum Coaching gef\u00fchrt hat und was du dir davon erhoffst.<\/p>\n<p data-start=\"392\" data-end=\"469\">Lass uns gemeinsam herausfinden, ob ich die richtige Begleitung f\u00fcr dich bin.<\/p>\n<p>[\/et_pb_blurb][\/et_pb_column][et_pb_column type=&#8221;1_4&#8243; _builder_version=&#8221;4.27.5&#8243; _module_preset=&#8221;default&#8221; global_colors_info=&#8221;{}&#8221;][et_pb_image src=&#8221;https:\/\/nurturingbubble.com\/wp-content\/uploads\/2025\/10\/Me-on-Zoom.jpg&#8221; title_text=&#8221;Me on Zoom&#8221; src_tablet=&#8221;&#8221; src_phone=&#8221;&#8221; src_last_edited=&#8221;on|tablet&#8221; _builder_version=&#8221;4.27.5&#8243; _module_preset=&#8221;default&#8221; transform_scale_tablet=&#8221;60%|60%&#8221; transform_scale_phone=&#8221;100%|100%&#8221; transform_scale_last_edited=&#8221;on|tablet&#8221; transform_translate_tablet=&#8221;&#8221; transform_translate_phone=&#8221;&#8221; transform_translate_last_edited=&#8221;on|tablet&#8221; transform_rotate_tablet=&#8221;&#8221; transform_rotate_phone=&#8221;&#8221; transform_rotate_last_edited=&#8221;on|tablet&#8221; transform_skew_tablet=&#8221;&#8221; transform_skew_phone=&#8221;&#8221; transform_skew_last_edited=&#8221;on|tablet&#8221; transform_origin_tablet=&#8221;&#8221; transform_origin_phone=&#8221;&#8221; transform_origin_last_edited=&#8221;on|tablet&#8221; transform_styles_last_edited=&#8221;on|tablet&#8221; custom_margin_tablet=&#8221;0px||0px||true|false&#8221; custom_margin_phone=&#8221;&#8221; custom_margin_last_edited=&#8221;on|tablet&#8221; custom_padding_tablet=&#8221;0px||0px||true|false&#8221; custom_padding_phone=&#8221;&#8221; custom_padding_last_edited=&#8221;on|tablet&#8221; transform_styles_tablet=&#8221;&#8221; transform_styles_phone=&#8221;&#8221; border_radii=&#8221;on|10px|10px|10px|10px&#8221; global_colors_info=&#8221;{}&#8221;][\/et_pb_image][\/et_pb_column][\/et_pb_row][\/et_pb_section][et_pb_section fb_built=&#8221;1&#8243; _builder_version=&#8221;4.27.5&#8243; _module_preset=&#8221;default&#8221; custom_margin=&#8221;0px||0px||true|false&#8221; custom_padding=&#8221;0px||0px||true|false&#8221; hover_enabled=&#8221;0&#8243; global_colors_info=&#8221;{}&#8221; custom_padding_last_edited=&#8221;on|phone&#8221; custom_padding_phone=&#8221;||20px||false|false&#8221; sticky_enabled=&#8221;0&#8243; custom_padding_tablet=&#8221;||20px||false|false&#8221;][et_pb_row _builder_version=&#8221;4.27.4&#8243; _module_preset=&#8221;default&#8221; global_colors_info=&#8221;{}&#8221;][et_pb_column type=&#8221;4_4&#8243; _builder_version=&#8221;4.27.4&#8243; _module_preset=&#8221;default&#8221; global_colors_info=&#8221;{}&#8221;][et_pb_code _builder_version=&#8221;4.27.4&#8243; _module_preset=&#8221;default&#8221; global_colors_info=&#8221;{}&#8221;]<!-- Calendly inline widget begin --><!-- [et_pb_line_break_holder] --><\/p>\n<div class=\"calendly-inline-widget\" data-url=\"https:\/\/calendly.com\/nurturingbubble\/30_minuten_kennenlernen\" style=\"min-width:320px;height:700px;\"><\/div>\n<p><!-- [et_pb_line_break_holder] --><script type=\"text\/javascript\" src=\"https:\/\/assets.calendly.com\/assets\/external\/widget.js\" async><\/script><!-- [et_pb_line_break_holder] --><!-- Calendly inline widget end -->[\/et_pb_code][\/et_pb_column][\/et_pb_row][\/et_pb_section]<\/p>\n","protected":false},"excerpt":{"rendered":"<p>A discovery call gives us the chance to find out if we are a good match. The call\u00a0 gives you the opportunity to get information about how the sessions are structured and ask questions regarding our time together. You can also tell me what brought you to coaching and what you would like to get [&hellip;]<\/p>\n","protected":false},"author":1,"featured_media":0,"parent":0,"menu_order":0,"comment_status":"closed","ping_status":"closed","template":"","meta":{"_et_pb_use_builder":"on","_et_pb_old_content":"","_et_gb_content_width":"","footnotes":""},"class_list":["post-987538532","page","type-page","status-publish","hentry"],"_links":{"self":[{"href":"https:\/\/nurturingbubble.com\/en_gb\/wp-json\/wp\/v2\/pages\/987538532","targetHints":{"allow":["GET"]}}],"collection":[{"href":"https:\/\/nurturingbubble.com\/en_gb\/wp-json\/wp\/v2\/pages"}],"about":[{"href":"https:\/\/nurturingbubble.com\/en_gb\/wp-json\/wp\/v2\/types\/page"}],"author":[{"embeddable":true,"href":"https:\/\/nurturingbubble.com\/en_gb\/wp-json\/wp\/v2\/users\/1"}],"replies":[{"embeddable":true,"href":"https:\/\/nurturingbubble.com\/en_gb\/wp-json\/wp\/v2\/comments?post=987538532"}],"version-history":[{"count":11,"href":"https:\/\/nurturingbubble.com\/en_gb\/wp-json\/wp\/v2\/pages\/987538532\/revisions"}],"predecessor-version":[{"id":987538963,"href":"https:\/\/nurturingbubble.com\/en_gb\/wp-json\/wp\/v2\/pages\/987538532\/revisions\/987538963"}],"wp:attachment":[{"href":"https:\/\/nurturingbubble.com\/en_gb\/wp-json\/wp\/v2\/media?parent=987538532"}],"curies":[{"name":"wp","href":"https:\/\/api.w.org\/{rel}","templated":true}]}}